{"id":23,"date":"2018-06-11T10:19:00","date_gmt":"2018-06-11T10:19:00","guid":{"rendered":"http:\/\/www.esskultur-schule.de\/ek\/?page_id=23"},"modified":"2018-06-11T16:17:45","modified_gmt":"2018-06-11T16:17:45","slug":"kindertagesstaetten","status":"publish","type":"page","link":"https:\/\/www.esskultur-schule.de\/ek\/kindertagesstaetten\/","title":{"rendered":"Kindertagesst\u00e4tten"},"content":{"rendered":"<p>In den Kindertagesst\u00e4tten gibt es in der Regel einen Elternrat. Dieser Elternrat organisiert die Wahl des Essensanbieter, sammelt Anregungen und Beschwerden \u00fcber das Essen und kann auch im Namen der Elternschaft Kontrollen der Essensversorgung durchf\u00fchren.<\/p>\n<p>Der Elternrat kann den Essensanbieter bzw. das K\u00fcchenpersonal zu notwendigen Gespr\u00e4chen einladen.<\/p>\n<p>Die Kita-Leitung und auch die Erzieher werden bei Wahlen, sofern diese mitessen nur mit je einer Stimme gewertet. Der Elternrat sollte bei einer Neuwahl des Essensanbieters im Vorfeld Kontakt zur Kita-Leitung aufnehmen. H\u00e4ufig sind Kita-interne Arbeitsabl\u00e4ufe mit dem Caterer verbunden. Diese sollte man im Vorfeld notieren und auch von dem neuen Anbieter einfordern. Z.B. darf die Kita-Leitung Essensbestellungen beim Caterer f\u00fcr die Kinder stornieren? Wenn ein Kind in der Kita krankgemeldet wird, dann storniert die Kita-Leitung gleich die Essensversorgung an dem Tag f\u00fcr das Kind. Da es sich hier eigentlich um privatrechtliche Vertr\u00e4ge Dritter handelt darf die Kita-Leitung dies in der Regel nicht. Jedes Elternteil m\u00fcsste den Caterer dann \u00fcber die Abmeldung selber informieren. H\u00e4ufig gibt es in der Kita nur ein Essen au\u00dfer Sonderkost f\u00fcr Allergiker oder aus religi\u00f6sen Gr\u00fcnden. Dieses Essen w\u00e4hlt meist die Kita-Leitung auf Grundlage der DGE \u2013 Empfehlungen aus.<\/p>\n<p>Einige Einrichtungen f\u00fchren jeden Tag eine Anwesenheitsliste der Kinder auf Basis der Essensanmeldungen (Fr\u00fchst\u00fcck, Mittag, Vesper) durch. Damit kann das Personal besser geplant werden.<br \/>\nAll diese Dinge sind im Vorgespr\u00e4ch zu kl\u00e4ren und als Vorgabe f\u00fcr den neuen Caterer zu ber\u00fccksichtigen.<\/p>\n<p>Aber die Wahl inkl. Wahlvorbereitung liegt in der alleinigen Hoheit des Elternrates bzw. der Elternversammlung, sofern weder Kita-Leitung, Tr\u00e4ger oder Kommune an der Finanzierung des Essensgeldes beteiligt ist.<\/p>\n","protected":false},"excerpt":{"rendered":"<p>In den Kindertagesst\u00e4tten gibt es in der Regel einen Elternrat. Dieser Elternrat organisiert die Wahl des Essensanbieter, sammelt Anregungen und Beschwerden \u00fcber das Essen und kann auch im Namen der Elternschaft Kontrollen der Essensversorgung durchf\u00fchren. Der Elternrat kann den Essensanbieter bzw. das K\u00fcchenpersonal zu notwendigen Gespr\u00e4chen einladen. Die Kita-Leitung und auch die Erzieher werden bei [&hellip;]<\/p>\n","protected":false},"author":2,"featured_media":49,"parent":0,"menu_order":0,"comment_status":"closed","ping_status":"closed","template":"","meta":{"footnotes":""},"class_list":["post-23","page","type-page","status-publish","has-post-thumbnail","hentry"],"_links":{"self":[{"href":"https:\/\/www.esskultur-schule.de\/ek\/wp-json\/wp\/v2\/pages\/23","targetHints":{"allow":["GET"]}}],"collection":[{"href":"https:\/\/www.esskultur-schule.de\/ek\/wp-json\/wp\/v2\/pages"}],"about":[{"href":"https:\/\/www.esskultur-schule.de\/ek\/wp-json\/wp\/v2\/types\/page"}],"author":[{"embeddable":true,"href":"https:\/\/www.esskultur-schule.de\/ek\/wp-json\/wp\/v2\/users\/2"}],"replies":[{"embeddable":true,"href":"https:\/\/www.esskultur-schule.de\/ek\/wp-json\/wp\/v2\/comments?post=23"}],"version-history":[{"count":3,"href":"https:\/\/www.esskultur-schule.de\/ek\/wp-json\/wp\/v2\/pages\/23\/revisions"}],"predecessor-version":[{"id":75,"href":"https:\/\/www.esskultur-schule.de\/ek\/wp-json\/wp\/v2\/pages\/23\/revisions\/75"}],"wp:featuredmedia":[{"embeddable":true,"href":"https:\/\/www.esskultur-schule.de\/ek\/wp-json\/wp\/v2\/media\/49"}],"wp:attachment":[{"href":"https:\/\/www.esskultur-schule.de\/ek\/wp-json\/wp\/v2\/media?parent=23"}],"curies":[{"name":"wp","href":"https:\/\/api.w.org\/{rel}","templated":true}]}}